    {"id":122,"date":"2022-07-04T18:35:10","date_gmt":"2022-07-04T16:35:10","guid":{"rendered":"http:\/\/wozkiszuta.com\/?page_id=122"},"modified":"2022-07-08T18:55:36","modified_gmt":"2022-07-08T16:55:36","slug":"strona-glowna-3","status":"publish","type":"page","link":"https:\/\/wozkiszuta.com\/","title":{"rendered":""},"content":{"rendered":"\n<div class=\"wp-block-columns is-layout-flex wp-container-core-columns-is-layout-9d6595d7 wp-block-columns-is-layout-flex\">\n<div class=\"wp-block-column is-layout-flow wp-block-column-is-layout-flow\"><\/div>\n\n\n\n<div class=\"wp-block-column is-layout-flow wp-block-column-is-layout-flow\"><\/div>\n<\/div>\n\n\n\n<h1 class=\"wp-block-heading\">Pomoc drogowa<\/h1>\n\n\n\n<p>Firma za\u0142o\u017cona zosta\u0142a w&nbsp;1990 roku w&nbsp;Grzybnie. Od&nbsp;tego czasu nieprzerwanie dzia\u0142a na&nbsp;rynku us\u0142ug motoryzacyjnych w&nbsp;wojew\u00f3dztwie pomorskim.<\/p>\n\n\n\n<p>Specjalizujemy si\u0119 w&nbsp;fachowej pomocy drogowej. Posiadamy rozbudowan\u0105 flot\u0119 aut o&nbsp;zr\u00f3\u017cnicowanej \u0142adowno\u015bci, dzi\u0119ki czemu bezpiecznie przewozimy motocykle, samochody osobowe, dostawcze, ci\u0119\u017carowe, maszyny rolnicze, maszyny budowlane oraz&nbsp;domki holenderskie.<\/p>\n\n\n\n<p>Posiadamy wieloletnie do\u015bwiadczenie, dlatego ka\u017cde zlecenie realizujemy profesjonalnie.<\/p>\n\n\n\n<div id=\"slider_69f2aed57a222\" class=\"slider_instance\" style=\"position: relative;\" data-options=\"{&quot;id&quot;:1,&quot;name&quot;:&quot;slider 1&quot;,&quot;instanceName&quot;:&quot;slider 1&quot;,&quot;date&quot;:&quot;2022-07-08 18:29:42&quot;,&quot;status&quot;:&quot;published&quot;,&quot;layerWidth&quot;:&quot;100%&quot;,&quot;layerHeight&quot;:&quot;100%&quot;,&quot;shadow&quot;:&quot;effect1&quot;,&quot;lightboxMode&quot;:[],&quot;lightboxModeMobile&quot;:[],&quot;lightboxModeTablet&quot;:[],&quot;mode&quot;:&quot;webgl&quot;,&quot;initialSlide&quot;:&quot;0&quot;,&quot;grabCursor&quot;:true,&quot;stopOnLastSlide&quot;:false,&quot;showSlidesRandomOrder&quot;:false,&quot;preloadFirstSlide&quot;:false,&quot;width&quot;:&quot;1000&quot;,&quot;height&quot;:&quot;550&quot;,&quot;responsive&quot;:true,&quot;ratio&quot;:&quot;2&quot;,&quot;forceResponsive&quot;:false,&quot;fullscreen&quot;:false,&quot;layerStarOnTransitionStart&quot;:false,&quot;autoplay&quot;:{&quot;enable&quot;:true,&quot;delay&quot;:&quot;1000&quot;,&quot;progress&quot;:false,&quot;pauseOnHover&quot;:false,&quot;reverseDirection&quot;:false},&quot;buttons&quot;:{&quot;pauseVisible&quot;:false,&quot;muteVisible&quot;:false},&quot;resetVideos&quot;:false,&quot;videoAutoplay&quot;:true,&quot;navigation&quot;:{&quot;enable&quot;:true,&quot;style&quot;:&quot;effect4&quot;},&quot;keyboard&quot;:{&quot;enable&quot;:true},&quot;wheelNavigation&quot;:{&quot;enable&quot;:false,&quot;stopOnLast&quot;:false,&quot;interval&quot;:2000},&quot;pagination&quot;:{&quot;enable&quot;:true,&quot;style&quot;:&quot;effect2&quot;,&quot;clickable&quot;:true,&quot;dynamicBullets&quot;:false},&quot;thumbs&quot;:{&quot;enable&quot;:false,&quot;position&quot;:&quot;bottom&quot;,&quot;thumbWidth&quot;:&quot;100&quot;,&quot;thumbHeight&quot;:&quot;60&quot;,&quot;spaceAround&quot;:&quot;3&quot;,&quot;spaceBetween&quot;:&quot;3&quot;,&quot;outsideSlider&quot;:true,&quot;centered&quot;:true},&quot;hashNavigation&quot;:{&quot;enable&quot;:false},&quot;loading&quot;:{&quot;fadeEffect&quot;:true,&quot;backgroundColor&quot;:&quot;#FFFFFF&quot;,&quot;color&quot;:&quot;#262626&quot;,&quot;style&quot;:&quot;style2&quot;},&quot;lightbox&quot;:{&quot;backgroundColor&quot;:&quot;#000000F2&quot;,&quot;closeColor&quot;:&quot;#FFFFFF&quot;},&quot;slides&quot;:[{&quot;src&quot;:&quot;http:\\\/\\\/wozkiszuta.com\\\/wp-content\\\/uploads\\\/2022\\\/07\\\/01-1.jpg&quot;,&quot;thumbSrc&quot;:&quot;http:\\\/\\\/wozkiszuta.com\\\/wp-content\\\/uploads\\\/2022\\\/07\\\/01-1-300x169.jpg&quot;},{&quot;src&quot;:&quot;http:\\\/\\\/wozkiszuta.com\\\/wp-content\\\/uploads\\\/2022\\\/07\\\/02-1.jpg&quot;,&quot;thumbSrc&quot;:&quot;http:\\\/\\\/wozkiszuta.com\\\/wp-content\\\/uploads\\\/2022\\\/07\\\/02-1-300x169.jpg&quot;},{&quot;src&quot;:&quot;http:\\\/\\\/wozkiszuta.com\\\/wp-content\\\/uploads\\\/2022\\\/07\\\/03-1.jpg&quot;,&quot;thumbSrc&quot;:&quot;http:\\\/\\\/wozkiszuta.com\\\/wp-content\\\/uploads\\\/2022\\\/07\\\/03-1-300x169.jpg&quot;},{&quot;src&quot;:&quot;http:\\\/\\\/wozkiszuta.com\\\/wp-content\\\/uploads\\\/2022\\\/07\\\/04-1.jpg&quot;,&quot;thumbSrc&quot;:&quot;http:\\\/\\\/wozkiszuta.com\\\/wp-content\\\/uploads\\\/2022\\\/07\\\/04-1-300x169.jpg&quot;},{&quot;src&quot;:&quot;http:\\\/\\\/wozkiszuta.com\\\/wp-content\\\/uploads\\\/2022\\\/07\\\/05-1.jpg&quot;,&quot;thumbSrc&quot;:&quot;http:\\\/\\\/wozkiszuta.com\\\/wp-content\\\/uploads\\\/2022\\\/07\\\/05-1-300x169.jpg&quot;}],&quot;rootFolder&quot;:&quot;https:\\\/\\\/wozkiszuta.com\\\/wp-content\\\/plugins\\\/transition-slider-lite\\\/&quot;}\"><\/div>\n\n\n\n<h2 class=\"wp-block-heading\"><br>Mechanika, w\u00f3zki wid\u0142owe, minikoparki i\u00a0\u0142adowarki<\/h2>\n\n\n\n<p>\u015awiadczymy r\u00f3wnie\u017c us\u0142ugi z&nbsp;zakresu mechaniki oraz&nbsp;prac wykonywanych w\u00f3zkami wid\u0142owymi i&nbsp;\u0142adowarkami. Prowadzimy sprzeda\u017c i&nbsp;wynajem w\u00f3zk\u00f3w wid\u0142owych, minikoparek i&nbsp;\u0142adowarek. Posiadamy wiele maszyn o&nbsp;r\u00f3\u017cnym ud\u017awigu i&nbsp;wysi\u0119gu oraz&nbsp;zatrudniamy do\u015bwiadczonych operator\u00f3w, kt\u00f3rzy&nbsp;poradz\u0105 sobie z&nbsp;najtrudniejszymi zadaniami. Oferujemy r\u00f3wnie\u017c&nbsp; us\u0142ugi minikoparkami w&nbsp;zakresie prac ziemnych.<\/p>\n\n\n\n<p>Prowadzimy&nbsp; profesjonalny, dobrze wyposa\u017cony warsztat samochodowy. Nasi do\u015bwiadczeni mechanicy zajmuj\u0105 si\u0119 profesjonaln\u0105 diagnostyk\u0105 i&nbsp;usuwaniem usterek. Wykonujemy naprawy mechaniczne, diagnostyk\u0119 elektroniki, ustawiamy geometri\u0119 (zbie\u017cno\u015b\u0107) k\u00f3\u0142.<\/p>\n\n\n\n<p>Prowadzimy kompleksowy serwis klimatyzacji samochodowej.<\/p>\n","protected":false},"excerpt":{"rendered":"<p>Pomoc drogowa Firma za\u0142o\u017cona zosta\u0142a w&nbsp;1990 roku w&nbsp;Grzybnie. Od&nbsp;tego czasu nieprzerwanie dzia\u0142a na&nbsp;rynku us\u0142ug motoryzacyjnych w&nbsp;wojew\u00f3dztwie pomorskim. Specjalizujemy si\u0119 w&nbsp;fachowej pomocy drogowej. Posiadamy rozbudowan\u0105 flot\u0119<\/p>\n","protected":false},"author":1,"featured_media":0,"parent":0,"menu_order":0,"comment_status":"closed","ping_status":"closed","template":"","meta":{"ngg_post_thumbnail":0,"footnotes":""},"class_list":["post-122","page","type-page","status-publish","hentry"],"yoast_head":"<!-- This site is optimized with the Yoast SEO plugin v25.1 - https:\/\/yoast.com\/wordpress\/plugins\/seo\/ -->\n<title>-<\/title>\n<meta name=\"robots\" content=\"index, follow, max-snippet:-1, max-image-preview:large, max-video-preview:-1\" \/>\n<link rel=\"canonical\" href=\"https:\/\/wozkiszuta.com\/\" \/>\n<meta property=\"og:locale\" content=\"pl_PL\" \/>\n<meta property=\"og:type\" content=\"article\" \/>\n<meta property=\"og:title\" content=\"-\" \/>\n<meta property=\"og:description\" content=\"Pomoc drogowa Firma za\u0142o\u017cona zosta\u0142a w&nbsp;1990 roku w&nbsp;Grzybnie. Od&nbsp;tego czasu nieprzerwanie dzia\u0142a na&nbsp;rynku us\u0142ug motoryzacyjnych w&nbsp;wojew\u00f3dztwie pomorskim. Specjalizujemy si\u0119 w&nbsp;fachowej pomocy drogowej. Posiadamy rozbudowan\u0105 flot\u0119\" \/>\n<meta property=\"og:url\" content=\"https:\/\/wozkiszuta.com\/\" \/>\n<meta property=\"article:modified_time\" content=\"2022-07-08T16:55:36+00:00\" \/>\n<meta name=\"twitter:card\" content=\"summary_large_image\" \/>\n<meta name=\"twitter:label1\" content=\"Szacowany czas czytania\" \/>\n\t<meta name=\"twitter:data1\" content=\"1 minuta\" \/>\n<script type=\"application\/ld+json\" class=\"yoast-schema-graph\">{\"@context\":\"https:\/\/schema.org\",\"@graph\":[{\"@type\":\"WebPage\",\"@id\":\"https:\/\/wozkiszuta.com\/\",\"url\":\"https:\/\/wozkiszuta.com\/\",\"name\":\"-\",\"isPartOf\":{\"@id\":\"https:\/\/wozkiszuta.com\/#website\"},\"datePublished\":\"2022-07-04T16:35:10+00:00\",\"dateModified\":\"2022-07-08T16:55:36+00:00\",\"inLanguage\":\"pl-PL\",\"potentialAction\":[{\"@type\":\"ReadAction\",\"target\":[\"https:\/\/wozkiszuta.com\/\"]}]},{\"@type\":\"WebSite\",\"@id\":\"https:\/\/wozkiszuta.com\/#website\",\"url\":\"https:\/\/wozkiszuta.com\/\",\"name\":\"\",\"description\":\"\",\"potentialAction\":[{\"@type\":\"SearchAction\",\"target\":{\"@type\":\"EntryPoint\",\"urlTemplate\":\"https:\/\/wozkiszuta.com\/?s={search_term_string}\"},\"query-input\":{\"@type\":\"PropertyValueSpecification\",\"valueRequired\":true,\"valueName\":\"search_term_string\"}}],\"inLanguage\":\"pl-PL\"}]}<\/script>\n<!-- \/ Yoast SEO plugin. -->","yoast_head_json":{"title":"-","robots":{"index":"index","follow":"follow","max-snippet":"max-snippet:-1","max-image-preview":"max-image-preview:large","max-video-preview":"max-video-preview:-1"},"canonical":"https:\/\/wozkiszuta.com\/","og_locale":"pl_PL","og_type":"article","og_title":"-","og_description":"Pomoc drogowa Firma za\u0142o\u017cona zosta\u0142a w&nbsp;1990 roku w&nbsp;Grzybnie. Od&nbsp;tego czasu nieprzerwanie dzia\u0142a na&nbsp;rynku us\u0142ug motoryzacyjnych w&nbsp;wojew\u00f3dztwie pomorskim. Specjalizujemy si\u0119 w&nbsp;fachowej pomocy drogowej. Posiadamy rozbudowan\u0105 flot\u0119","og_url":"https:\/\/wozkiszuta.com\/","article_modified_time":"2022-07-08T16:55:36+00:00","twitter_card":"summary_large_image","twitter_misc":{"Szacowany czas czytania":"1 minuta"},"schema":{"@context":"https:\/\/schema.org","@graph":[{"@type":"WebPage","@id":"https:\/\/wozkiszuta.com\/","url":"https:\/\/wozkiszuta.com\/","name":"-","isPartOf":{"@id":"https:\/\/wozkiszuta.com\/#website"},"datePublished":"2022-07-04T16:35:10+00:00","dateModified":"2022-07-08T16:55:36+00:00","inLanguage":"pl-PL","potentialAction":[{"@type":"ReadAction","target":["https:\/\/wozkiszuta.com\/"]}]},{"@type":"WebSite","@id":"https:\/\/wozkiszuta.com\/#website","url":"https:\/\/wozkiszuta.com\/","name":"","description":"","potentialAction":[{"@type":"SearchAction","target":{"@type":"EntryPoint","urlTemplate":"https:\/\/wozkiszuta.com\/?s={search_term_string}"},"query-input":{"@type":"PropertyValueSpecification","valueRequired":true,"valueName":"search_term_string"}}],"inLanguage":"pl-PL"}]}},"_links":{"self":[{"href":"https:\/\/wozkiszuta.com\/index.php?rest_route=\/wp\/v2\/pages\/122","targetHints":{"allow":["GET"]}}],"collection":[{"href":"https:\/\/wozkiszuta.com\/index.php?rest_route=\/wp\/v2\/pages"}],"about":[{"href":"https:\/\/wozkiszuta.com\/index.php?rest_route=\/wp\/v2\/types\/page"}],"author":[{"embeddable":true,"href":"https:\/\/wozkiszuta.com\/index.php?rest_route=\/wp\/v2\/users\/1"}],"replies":[{"embeddable":true,"href":"https:\/\/wozkiszuta.com\/index.php?rest_route=%2Fwp%2Fv2%2Fcomments&post=122"}],"version-history":[{"count":8,"href":"https:\/\/wozkiszuta.com\/index.php?rest_route=\/wp\/v2\/pages\/122\/revisions"}],"predecessor-version":[{"id":251,"href":"https:\/\/wozkiszuta.com\/index.php?rest_route=\/wp\/v2\/pages\/122\/revisions\/251"}],"wp:attachment":[{"href":"https:\/\/wozkiszuta.com\/index.php?rest_route=%2Fwp%2Fv2%2Fmedia&parent=122"}],"curies":[{"name":"wp","href":"https:\/\/api.w.org\/{rel}","templated":true}]}}